{"id":1173,"date":"2025-08-22T12:39:47","date_gmt":"2025-08-22T12:39:47","guid":{"rendered":"https:\/\/www.arthubpikisaari.fi\/?page_id=1173"},"modified":"2026-04-13T19:02:46","modified_gmt":"2026-04-13T19:02:46","slug":"tapahtumat","status":"publish","type":"page","link":"https:\/\/www.arthubpikisaari.fi\/?page_id=1173","title":{"rendered":"Tapahtumat"},"content":{"rendered":"\n<div style=\"height:53px\" aria-hidden=\"true\" class=\"wp-block-spacer\"><\/div>\n\n\n\n<figure class=\"wp-block-image size-full\"><a href=\"https:\/\/www.arthubpikisaari.fi\/wp-content\/uploads\/2026\/04\/Muokattu_Stina_Brockman_The_Nearness_of_You.jpg\"><img fetchpriority=\"high\" decoding=\"async\" width=\"1496\" height=\"1481\" src=\"https:\/\/www.arthubpikisaari.fi\/wp-content\/uploads\/2026\/04\/Muokattu_Stina_Brockman_The_Nearness_of_You.jpg\" alt=\"\" class=\"wp-image-1256\"\/><\/a><figcaption class=\"wp-element-caption\">Valokuva: Stina Brockman<\/figcaption><\/figure>\n\n\n\n<div style=\"height:51px\" aria-hidden=\"true\" class=\"wp-block-spacer\"><\/div>\n\n\n\n<p><\/p>\n\n\n\n<p><\/p>\n\n\n\n<p class=\"has-large-font-size\">Stina Brockman: \u201dThe Nearness of You\u201d<\/p>\n\n\n\n<p class=\"has-medium-font-size\">2.-24.5.2026<\/p>\n\n\n\n<div style=\"height:10px\" aria-hidden=\"true\" class=\"wp-block-spacer\"><\/div>\n\n\n\n<p><strong>Ruotsalaisen valokuvataiteilijan Stina Brockmanin n\u00e4yttelyss\u00e4 \u201dThe Nearness of You\u201d on esill\u00e4 valokuvia, jotka k\u00e4sittelev\u00e4t miesten v\u00e4list\u00e4 fyysist\u00e4 l\u00e4heisyytt\u00e4 ja kosketusta. Teokset tarkastelevat maskuliinisuuteen liittyvi\u00e4 kirjoittamattomia s\u00e4\u00e4nt\u00f6j\u00e4 sek\u00e4 hetki\u00e4, joissa ne murtuvat. N\u00e4yttely avaa n\u00e4kymi\u00e4 kehon, liikkeen ja l\u00e4heisyyden merkityksiin.<\/strong><\/p>\n\n\n\n<p>L\u00e4ht\u00f6kohtana Stina Brockmanin valokuvasarjalle \u201dThe Nearness of You\u201d olivat miesten sanattomat s\u00e4\u00e4nn\u00f6t fyysiselle kosketukselle toisten miesten kanssa. Ne pienet, pienet signaalit, esimerkiksi toisia tervehditt\u00e4ess\u00e4, jotka v\u00e4litt\u00e4v\u00e4t viestin heteroseksuaalisuudesta tai ei-feminiinisyydest\u00e4. Painissa t\u00e4m\u00e4 \u201crikotaan\u201d hienolla tavalla, mik\u00e4 voi vaikuttaa paradoksaaliselta t\u00e4ss\u00e4 perinteisesti maskuliinisessa lajissa. Keskell\u00e4 kamppailua hakeudutaan toisen kehoa vasten lyhyeksi levon hetkeksi tai pieneksi hellyydeksi. Miesten n\u00e4keminen lempe\u00e4ss\u00e4 l\u00e4heisyydess\u00e4 toistensa kanssa on eheytt\u00e4v\u00e4\u00e4 ja jotakin, mit\u00e4 h\u00e4n kaipaa yleisess\u00e4 kuvavirrassa.<\/p>\n\n\n\n<p><em>\u201dOlen ty\u00f6skennellyt kahden painijaryhm\u00e4n kanssa, toisen Pariisissa ja toisen Tukholmassa. Molemmissa ryhmiss\u00e4 oli j\u00e4seni\u00e4 18 maasta. Monet olivat ilman huoltajaa tulleita pakolaisia, jotka saapuivat Ruotsiin vuonna 2015. Osa heist\u00e4 sai kielteisen turvapaikkap\u00e4\u00e4t\u00f6ksen ja pakeni sen j\u00e4lkeen Pariisiin. Pakolaiset saavat Pariisin ryhm\u00e4ss\u00e4 seuralta aktiivisempaa tukea kuin Ruotsin ryhm\u00e4ss\u00e4. He saavat apua j\u00e4rjestelm\u00e4n ymm\u00e4rt\u00e4miseen ja viranomaisasioiden hoitamiseen. He juoksevat yhdess\u00e4 viikonloppuisin ja sy\u00f6v\u00e4t yhdess\u00e4 illallista silloin t\u00e4ll\u00f6in.<\/em><\/p>\n\n\n\n<p><em>Heid\u00e4n harjoittelunsa on \u00e4\u00e4rimm\u00e4isen kovaa. Joskus nauroin \u00e4\u00e4neen, koska se on niin absurdin vaativaa harjoittelua, jota he tekev\u00e4t. Mutta se antaa pakolaisille mahdollisuuden omaan el\u00e4m\u00e4\u00e4n ja tunteen kuulumisesta ranskalaiseen yhteiskuntaan. Ne ryhm\u00e4n j\u00e4senet, jotka eiv\u00e4t ole pakolaisia, tulevat eri ammateista ja yhteiskuntaluokista Pariisissa, mik\u00e4 on hyv\u00e4, sill\u00e4 se tuo laajempia verkostoja ja tietoa. On todenn\u00e4k\u00f6isesti hy\u00f6dyllist\u00e4 hakeutua painin pariin yksin tulleena pakolaisena. Se, mik\u00e4 on usein vaikeaa yksin ollessa, on fyysisen kosketuksen puute, ja juuri fyysinen kosketus luo siteit\u00e4 ihmisten v\u00e4lille. Se lis\u00e4\u00e4 oksitosiinin m\u00e4\u00e4r\u00e4\u00e4 kehossa ja luottamus toisiin kasvaa. Yst\u00e4v\u00e4llinen fyysinen l\u00e4heisyys murtaa hierarkioita ja vihamielisyytt\u00e4.\u201d<\/em><\/p>\n\n\n\n<p>Stina Brockman asuu ja ty\u00f6skentelee Tukholmassa ja on k\u00e4ytt\u00e4nyt valokuvaa taiteellisena v\u00e4lineen\u00e4\u00e4n yli 50 vuoden ajan. H\u00e4n on ty\u00f6skennellyt useimpien valokuvatekniikoiden parissa 1860-luvulta nykyp\u00e4iv\u00e4n digitaaliseen valokuvaukseen. H\u00e4nen teoksiaan on esitetty muun muassa Moderna Museetissa Tukholmassa ja Malm\u00f6ss\u00e4, Marabouparkenissa, Malm\u00f6 Konsthallissa, Kulturhusetissa Tukholmassa, Hasselblad-s\u00e4\u00e4ti\u00f6ss\u00e4 G\u00f6teborgissa. H\u00e4nen ty\u00f6skentelylleen ominaista on tarkan ja ep\u00e4tarkan v\u00e4linen kohtaaminen kuvallisissa kompositioissa. Ep\u00e4tarkkuus on t\u00e4rke\u00e4 keino liikkeen ja j\u00e4nnitteen ilmaisemisessa. Se tuo esiin my\u00f6s kehojen liikkeiden h\u00e4mment\u00e4v\u00e4n nopeuden ja kauneuden. H\u00e4nen aiheensa k\u00e4sittelev\u00e4t usein kehoa ja maskuliinisuuksia. H\u00e4n nostaa esiin, kuinka maskuliinisuuksia ei usein problematisoida ja ne siksi pysyv\u00e4t muuttumattomina. T\u00e4m\u00e4 on erityisen kiinnostavaa maailmassa, joka kohtaa kriittisi\u00e4 kysymyksi\u00e4 maskulinististen tekojen ja niiden seurausten vuoksi. Rajojen venytt\u00e4minen ja valokuvallisten materiaalien kokeilu on yleens\u00e4 Brockmanin ty\u00f6skentelyn l\u00e4ht\u00f6kohta. H\u00e4n k\u00e4ytt\u00e4\u00e4 virheit\u00e4 ja ilmi\u00f6it\u00e4, joita pidet\u00e4\u00e4n \u201cv\u00e4\u00e4rin\u00e4\u201d tai \u201crumina\u201d, muuttaakseen ne merkityksellisiksi ja mahdollisesti my\u00f6s kauniiksi. N\u00e4in prosessista tulee seikkailu. <\/p>\n\n\n\n<p>N\u00e4yttely on avoinna 2.\u201324.5.2026 torstaista sunnuntaihin. Vapaa p\u00e4\u00e4sy. Tervetuloa.<\/p>\n\n\n\n<p>Avoinna: to\u2013pe klo 14\u201318, la\u2013su klo 12\u201316.<\/p>\n\n\n\n<div style=\"height:30px\" aria-hidden=\"true\" class=\"wp-block-spacer\"><\/div>\n\n\n\n<h1 class=\"wp-block-heading\">Tulevat tapahtumat<\/h1>\n\n\n\n<div style=\"height:20px\" aria-hidden=\"true\" class=\"wp-block-spacer\"><\/div>\n\n\n\n<figure class=\"wp-block-image size-large\"><a href=\"https:\/\/www.arthubpikisaari.fi\/wp-content\/uploads\/2026\/04\/Oranssijopo-Pikisaaressa.jpg\"><img decoding=\"async\" width=\"1024\" height=\"576\" src=\"https:\/\/www.arthubpikisaari.fi\/wp-content\/uploads\/2026\/04\/Oranssijopo-Pikisaaressa-1024x576.jpg\" alt=\"\" class=\"wp-image-1268\" srcset=\"https:\/\/www.arthubpikisaari.fi\/wp-content\/uploads\/2026\/04\/Oranssijopo-Pikisaaressa-1024x576.jpg 1024w, https:\/\/www.arthubpikisaari.fi\/wp-content\/uploads\/2026\/04\/Oranssijopo-Pikisaaressa-300x169.jpg 300w, https:\/\/www.arthubpikisaari.fi\/wp-content\/uploads\/2026\/04\/Oranssijopo-Pikisaaressa.jpg 1920w\" sizes=\"(max-width: 1024px) 100vw, 1024px\" \/><\/a><\/figure>\n\n\n\n<div style=\"height:51px\" aria-hidden=\"true\" class=\"wp-block-spacer\"><\/div>\n\n\n\n<p class=\"has-large-font-size\">Oranssijopo Pikisaaressa<\/p>\n\n\n\n<p class=\"has-medium-font-size\">5.\u2013 30.6.2026<\/p>\n\n\n\n<p>Maailman ymp\u00e4rist\u00f6p\u00e4iv\u00e4n\u00e4 5.6.2026 Art Hub Pikisaaressa avautuu Oranssijopo -yhteis\u00f6llinen ja paikkasidonnainen teos. Oranssijopo kertoo ihmisen suhteesta ymp\u00e4rist\u00f6\u00f6n ja sen syd\u00e4mess\u00e4 on yksil\u00f6 ja h\u00e4nen muistonsa paikasta. Yhteis\u00f6llinen teos tallentaa sirusia Oulun Pikisaaresta yksil\u00f6n ja yhteis\u00f6n n\u00e4k\u00f6kulmista. Se kuvaa Pikisaaressa meneill\u00e4\u00e4n olevaa syv\u00e4llist\u00e4 muutosta ja etsii uutta paikallisuutta. Muutosvaihe on otollinen hetki katsoa paikkaa tuoreesta n\u00e4k\u00f6kulmasta ja tallentaa ohikiit\u00e4v\u00e4 hetki. Yhteis\u00f6llisess\u00e4 prosessissa syntynyt Oranssijopo on metafora kuulumiselle, paikkaan sitoutumiselle. Se on sukellus mikrohistoriaan, jonka kautta yhteiskunnan merkityksett\u00f6milt\u00e4 vaikuttavat muutokset, kehitys tai sen puute koetaan yksil\u00f6n tuntojen kautta.<\/p>\n\n\n\n<p>Oranssijopo koostuu n\u00e4yttelyst\u00e4 ja Pikisaaressa kulkevasta reitist\u00e4. Art Hub Pikisaaressa avautuva n\u00e4yttely esittelee aiemmin julkaisemattomia historiallisia valokuvia Pikisaaresta 1930-luvulla syntyneen Irmeli Visurin kotialbumista sek\u00e4 h\u00e4nen haastatteluunsa perustuvia muistoja lapsuus- ja nuoruusajoilta Pikisaaressa. N\u00e4iden pohjalta muodostettu Oranssijopo-reitti johdattaa k\u00e4vij\u00e4t Pikisaaren eri paikkoihin, joissa on esill\u00e4 nykytaideteoksia, taiteellisia interventioita, esityksi\u00e4 ja performansseja. Teoksissa nykytaiteilijat eri puolilta Eurooppaa tarkastelevat Pikisaarta, sen historiaa ja paikallisuutta uusista n\u00e4k\u00f6kulmista. Reitin teokset ovat koettavissa opastetuilla Oranssijopo-kierroksilla.<\/p>\n\n\n\n<p>Mukana olevat taiteilijat:&nbsp;Gary Farrelly (IE\/BE) &amp; Gilles Hellemans (BE), Anne-Marte F\u00f8r (NO), Tullkomplex: Felice Hapetzeder, Marit Lindberg, Johan Suneson (SE), Nikolaus Heyduck (DE), Makiko Nishikaze (JP\/DE), Minna Kangasmaa (FI), Tuomo Kangasmaa (FI), Keijo Laitala (FI) ja Oranssijopo-ty\u00f6ryhm\u00e4: Majbritt Huovila, Jyri Pirinen, Risto Musta ja Laura Hyyti (FI).<\/p>\n\n\n\n<p>Oranssijopo on osa Art Hub Pikisaaren Uutta paikallisuutta etsim\u00e4ss\u00e4 -hanketta, joka on mukana Oulu2026 Euroopan kulttuurip\u00e4\u00e4kaupungin virallisessa ohjelmassa.<\/p>\n\n\n\n<p><strong>N\u00e4yttelyn avajaiset ja Oranssijopo-kierros 5.6.2026 klo 16.<\/strong> <\/p>\n\n\n\n<p>N\u00e4yttely on avoinna 5.\u201330.6.2026 maanantaista sunnuntaihin kello 12-18. Vapaa p\u00e4\u00e4sy. Tervetuloa<\/p>\n\n\n\n<div style=\"height:30px\" aria-hidden=\"true\" class=\"wp-block-spacer\"><\/div>\n\n\n\n<h1 class=\"wp-block-heading\">Menneet tapahtumat<\/h1>\n\n\n\n<div style=\"height:30px\" aria-hidden=\"true\" class=\"wp-block-spacer\"><\/div>\n\n\n\n<figure class=\"wp-block-image size-large\"><a href=\"https:\/\/www.arthubpikisaari.fi\/wp-content\/uploads\/2025\/11\/Lumo_image_RGB-1-scaled.jpg\"><img decoding=\"async\" width=\"1024\" height=\"821\" src=\"https:\/\/www.arthubpikisaari.fi\/wp-content\/uploads\/2025\/11\/Lumo_image_RGB-1-1024x821.jpg\" alt=\"\" class=\"wp-image-1209\" srcset=\"https:\/\/www.arthubpikisaari.fi\/wp-content\/uploads\/2025\/11\/Lumo_image_RGB-1-1024x821.jpg 1024w, https:\/\/www.arthubpikisaari.fi\/wp-content\/uploads\/2025\/11\/Lumo_image_RGB-1-300x240.jpg 300w, https:\/\/www.arthubpikisaari.fi\/wp-content\/uploads\/2025\/11\/Lumo_image_RGB-1-2000x1603.jpg 2000w\" sizes=\"(max-width: 1024px) 100vw, 1024px\" \/><\/a><\/figure>\n\n\n\n<div style=\"height:30px\" aria-hidden=\"true\" class=\"wp-block-spacer\"><\/div>\n\n\n\n<p class=\"has-large-font-size\">Valon varjopuolella<\/p>\n\n\n\n<p class=\"has-medium-font-size\">21.-23.11.2025 kello 16\u201322<\/p>\n\n\n\n<div style=\"height:35px\" aria-hidden=\"true\" class=\"wp-block-spacer\"><\/div>\n\n\n\n<p>Art Hub Pikisaari on mukana Oulun Lumo-valofestivaalissa 21.-23.11.2025. Festivaalin teosreitti levitt\u00e4ytyy Oulun keskustan suistoa ymp\u00e4r\u00f6iville saarille \u2013 my\u00f6s Pikisaareen!<\/p>\n\n\n\n<p><em>Valon varjopuolella<\/em>&nbsp;esitet\u00e4\u00e4n Art Hub Pikisaaren ikkunoissa. Pikisaaren milj\u00f6\u00f6ss\u00e4 ohikulkijaa l\u00e4mmitt\u00e4\u00e4 pimein\u00e4 iltoina vanhan talon ikkunapuitteisiin rakennettu sympaattinen valon ja varjojen kasvihuonefantasia. Teos yhdist\u00e4\u00e4 kasvit, valokuvan ja varjoesityksen.<\/p>\n\n\n\n<p>Kasveja on kuvattu ihmiskunnan historian aikana lukemattomin tavoin: kaksi- ja kolmiulotteisesti, realistisesti ja tyylitellysti, mustavalkoisena ja v\u00e4rillisen\u00e4, symbolisesti sek\u00e4 tieteellisesti ja taiteellisesti. <em>Valon varjopuolella<\/em> jatkaa t\u00e4t\u00e4 kasvien kuvaamisen perinnett\u00e4 omalla tavallaan.<\/p>\n\n\n\n<p>Teos n\u00e4ht\u00e4v\u00e4n\u00e4 21.-23.11.2025 kello 16\u201322.<\/p>\n\n\n\n<div style=\"height:55px\" aria-hidden=\"true\" class=\"wp-block-spacer\"><\/div>\n\n\n\n<p class=\"has-large-font-size\">On the Shadow Side of Light<\/p>\n\n\n\n<p class=\"has-medium-font-size\">21.-23.11.2025 4\u201310 pm<\/p>\n\n\n\n<div style=\"height:35px\" aria-hidden=\"true\" class=\"wp-block-spacer\"><\/div>\n\n\n\n<p>Art Hub Pikisaari will be participating in the Lumo Light Festival Oulu 21-23 November 2025. The artwork route spreads to the islands surrounding the Oulu city centre &#8211; including Pikisaari! The festival artwork is currently being built at Art Hub Pikisaari&nbsp;<\/p>\n\n\n\n<p><em>On the Shadow Side of Light<\/em>&nbsp;will be presented in the windows of Art Hub Pikisaari. During the dark evenings in the Pikisaari milieu, passersby are warmed by a sympathetic greenhouse fantasy of light and shadows built into the window frames of an old house. The work combines plants, photography, and shadow play \u2013 the light from behind the windows draws out the spectrum of northern flora.<\/p>\n\n\n\n<p>Throughout human history, plants have been depicted in countless ways: two dimensional and three dimensional, realistic and stylized, black and white and colour, symbolic as well as scientifically and artistically. <em>On the Shadow Side of Light<\/em> continues this long tradition of portraying plants in its own way \u2013 softly, through the interplay of light and shadow.<\/p>\n\n\n\n<p>The work will be on view from 21-23 November 2025 from 4 pm to 10 pm.<\/p>\n","protected":false},"excerpt":{"rendered":"<p>Stina Brockman: \u201dThe Nearness of You\u201d 2.-24.5.2026 Ruotsalaisen valokuvataiteilijan Stina Brockmanin n\u00e4yttelyss\u00e4 \u201dThe Nearness of You\u201d on esill\u00e4 valokuvia, jotka k\u00e4sittelev\u00e4t miesten v\u00e4list\u00e4 fyysist\u00e4 l\u00e4heisyytt\u00e4 ja kosketusta. Teokset tarkastelevat maskuliinisuuteen liittyvi\u00e4 kirjoittamattomia s\u00e4\u00e4nt\u00f6j\u00e4 sek\u00e4 hetki\u00e4, joissa ne murtuvat. N\u00e4yttely avaa n\u00e4kymi\u00e4 kehon, liikkeen ja l\u00e4heisyyden merkityksiin. L\u00e4ht\u00f6kohtana Stina Brockmanin valokuvasarjalle \u201dThe Nearness of You\u201d olivat &hellip; <\/p>\n<p class=\"link-more\"><a href=\"https:\/\/www.arthubpikisaari.fi\/?page_id=1173\" class=\"more-link\">Read more<span class=\"screen-reader-text\"> &#8221;Tapahtumat&#8221;<\/span><\/a><\/p>\n","protected":false},"author":2,"featured_media":0,"parent":0,"menu_order":5,"comment_status":"closed","ping_status":"closed","template":"","meta":{"footnotes":""},"class_list":["post-1173","page","type-page","status-publish","hentry"],"_links":{"self":[{"href":"https:\/\/www.arthubpikisaari.fi\/index.php?rest_route=\/wp\/v2\/pages\/1173","targetHints":{"allow":["GET"]}}],"collection":[{"href":"https:\/\/www.arthubpikisaari.fi\/index.php?rest_route=\/wp\/v2\/pages"}],"about":[{"href":"https:\/\/www.arthubpikisaari.fi\/index.php?rest_route=\/wp\/v2\/types\/page"}],"author":[{"embeddable":true,"href":"https:\/\/www.arthubpikisaari.fi\/index.php?rest_route=\/wp\/v2\/users\/2"}],"replies":[{"embeddable":true,"href":"https:\/\/www.arthubpikisaari.fi\/index.php?rest_route=%2Fwp%2Fv2%2Fcomments&post=1173"}],"version-history":[{"count":21,"href":"https:\/\/www.arthubpikisaari.fi\/index.php?rest_route=\/wp\/v2\/pages\/1173\/revisions"}],"predecessor-version":[{"id":1277,"href":"https:\/\/www.arthubpikisaari.fi\/index.php?rest_route=\/wp\/v2\/pages\/1173\/revisions\/1277"}],"wp:attachment":[{"href":"https:\/\/www.arthubpikisaari.fi\/index.php?rest_route=%2Fwp%2Fv2%2Fmedia&parent=1173"}],"curies":[{"name":"wp","href":"https:\/\/api.w.org\/{rel}","templated":true}]}}