{"id":2,"date":"2020-09-24T18:51:00","date_gmt":"2020-09-24T18:51:00","guid":{"rendered":"http:\/\/www.arthubpikisaari.fi\/?page_id=2"},"modified":"2026-04-14T12:54:20","modified_gmt":"2026-04-14T12:54:20","slug":"about","status":"publish","type":"page","link":"https:\/\/www.arthubpikisaari.fi\/","title":{"rendered":"Info"},"content":{"rendered":"\n<p>Art Hub Pikisaari on pienimuotoinen taidekeskus, taiteen projektitila sek\u00e4 yhteis\u00f6llinen kohtaus- ja tapahtumapaikka Oulun Pikisaaressa. Art Hub Pikisaaren ovat perustaneet kuvanveist\u00e4j\u00e4 Minna Kangasmaa ja kuva- ja mediataiteilija Tuomo Kangasmaa vuoden 2020 syksyll\u00e4. Art Hub Pikisaari sijaitsee Pikisaaren p\u00e4\u00e4v\u00e4yl\u00e4n varrella katutasossa vanhassa hirsitalossa entisess\u00e4 ty\u00f6l\u00e4iskorttelissa. 1870-luvulla valmistunut hirsirakennus on yksi vanhimmista Pikisaareen rakennetuista taloista. Art Hub Pikisaari tuo uutta toimintaa t\u00e4h\u00e4n kulttuurihistoriallisesti merkitt\u00e4v\u00e4\u00e4n rakennukseen.<\/p>\n\n\n\n<figure class=\"wp-block-image size-large is-resized\"><a href=\"https:\/\/www.arthubpikisaari.fi\/wp-content\/uploads\/2022\/10\/Art-Hub-Pikisaari_outside_3-scaled.jpeg\"><img fetchpriority=\"high\" decoding=\"async\" width=\"1024\" height=\"768\" src=\"https:\/\/www.arthubpikisaari.fi\/wp-content\/uploads\/2022\/10\/Art-Hub-Pikisaari_outside_3-1024x768.jpeg\" alt=\"\" class=\"wp-image-312\" style=\"width:1139px;height:auto\" srcset=\"https:\/\/www.arthubpikisaari.fi\/wp-content\/uploads\/2022\/10\/Art-Hub-Pikisaari_outside_3-1024x768.jpeg 1024w, https:\/\/www.arthubpikisaari.fi\/wp-content\/uploads\/2022\/10\/Art-Hub-Pikisaari_outside_3-300x225.jpeg 300w, https:\/\/www.arthubpikisaari.fi\/wp-content\/uploads\/2022\/10\/Art-Hub-Pikisaari_outside_3-768x576.jpeg 768w, https:\/\/www.arthubpikisaari.fi\/wp-content\/uploads\/2022\/10\/Art-Hub-Pikisaari_outside_3-1536x1152.jpeg 1536w, https:\/\/www.arthubpikisaari.fi\/wp-content\/uploads\/2022\/10\/Art-Hub-Pikisaari_outside_3-2048x1536.jpeg 2048w, https:\/\/www.arthubpikisaari.fi\/wp-content\/uploads\/2022\/10\/Art-Hub-Pikisaari_outside_3-2000x1500.jpeg 2000w\" sizes=\"(max-width: 1024px) 100vw, 1024px\" \/><\/a><\/figure>\n\n\n\n<div style=\"height:48px\" aria-hidden=\"true\" class=\"wp-block-spacer\"><\/div>\n\n\n\n<figure class=\"wp-block-image size-large is-resized\"><a href=\"https:\/\/www.arthubpikisaari.fi\/wp-content\/uploads\/2024\/12\/Logo_Art-Hub-Pikisaari_tiivis-scaled.jpg\"><img decoding=\"async\" width=\"1024\" height=\"114\" src=\"https:\/\/www.arthubpikisaari.fi\/wp-content\/uploads\/2024\/12\/Logo_Art-Hub-Pikisaari_tiivis-1024x114.jpg\" alt=\"\" class=\"wp-image-1007\" style=\"width:298px;height:auto\" srcset=\"https:\/\/www.arthubpikisaari.fi\/wp-content\/uploads\/2024\/12\/Logo_Art-Hub-Pikisaari_tiivis-1024x114.jpg 1024w, https:\/\/www.arthubpikisaari.fi\/wp-content\/uploads\/2024\/12\/Logo_Art-Hub-Pikisaari_tiivis-300x33.jpg 300w, https:\/\/www.arthubpikisaari.fi\/wp-content\/uploads\/2024\/12\/Logo_Art-Hub-Pikisaari_tiivis-2000x222.jpg 2000w\" sizes=\"(max-width: 1024px) 100vw, 1024px\" \/><\/a><\/figure>\n\n\n\n<p>Pikisaarentie 8, 90100 Oulu Finland<br>info@arthubpikisaari.fi<br>+358 50 4089640 (Minna Kangasmaa)<br>+358 50 3526220 (Tuomo Kangasmaa)<\/p>\n\n\n\n<div style=\"height:15px\" aria-hidden=\"true\" class=\"wp-block-spacer\"><\/div>\n\n\n\n<p>Seuraa meit\u00e4 <a href=\"http:\/\/facebook.com\/arthubpikisaari\">Facebookissa<\/a> ja <a href=\"https:\/\/www.instagram.com\/arthubpikisaari\/\">Instagramissa<\/a>&nbsp;@arthubpikisaari<\/p>\n\n\n\n<div style=\"height:12px\" aria-hidden=\"true\" class=\"wp-block-spacer\"><\/div>\n\n\n\n<p><br>Art Hub Pikisaari ry on maaliskuussa 2020 rekister\u00f6ity yleishy\u00f6dyllinen taide- ja kulttuurialan yhdistys, jonka kotipaikka on Oulu. Art Hub Pikisaari ry:n tarkoituksena on taiteen tukeminen ja sen tuntemuksen edist\u00e4minen sek\u00e4 taiteilijan asiantuntijuuden vahvistaminen. Art Hub Pikisaari ry edist\u00e4\u00e4 taiteen ja kulttuurin alan toimijoiden ty\u00f6skentely\u00e4, verkostoitumista ja kansainv\u00e4lisyytt\u00e4 sek\u00e4 toimii alan yhteyksien ja yhteisty\u00f6n v\u00e4litt\u00e4j\u00e4n\u00e4, yll\u00e4pit\u00e4j\u00e4n\u00e4 ja kehitt\u00e4j\u00e4n\u00e4.<\/p>\n\n\n\n<details class=\"wp-block-details is-layout-flow wp-block-details-is-layout-flow\"><summary>Kiinnostaako yhdistyksen j\u00e4senyys?<\/summary>\n<p>Art Hub Pikisaari ry:n j\u00e4seneksi voidaan hyv\u00e4ksy\u00e4 henkil\u00f6, joka hyv\u00e4ksyy yhdistyksen tarkoituksen. Kannattavaksi j\u00e4seneksi voidaan hyv\u00e4ksy\u00e4 yksityinen henkil\u00f6 tai oikeuskelpoinen yhteis\u00f6, joka haluaa tukea yhdistyksen tarkoitusta ja toimintaa.&nbsp;<\/p>\n\n\n\n<p>J\u00e4senyytt\u00e4 haetaan vapaamuotoisella hakemuksella. Voit l\u00e4hett\u00e4\u00e4 hakemuksen s\u00e4hk\u00f6postiosoitteeseen info@arthubpikisaari.<\/p>\n<\/details>\n\n\n\n<p><\/p>\n\n\n\n<details class=\"wp-block-details is-layout-flow wp-block-details-is-layout-flow\"><summary>Haluaisitko olla mukana Art Hub Pikisaaren toiminnassa?&nbsp;<\/summary>\n<p>Voit osallistua vapaaehtoistoimintaan, joka voi olla kertaluonteista, tapahtumiin tai muihin yksitt\u00e4isiin toimintoihin liittyv\u00e4\u00e4 tai jotain muuta. Ota yhteytt\u00e4 niin mietit\u00e4\u00e4n yhdess\u00e4!&nbsp;<\/p>\n<\/details>\n\n\n\n<div style=\"height:55px\" aria-hidden=\"true\" class=\"wp-block-spacer\"><\/div>\n\n\n\n<p>Noudatamme turvallisemman tilan periaatteita toiminnassamme ja tapahtumissamme.&nbsp;<\/p>\n\n\n\n<details class=\"wp-block-details is-layout-flow wp-block-details-is-layout-flow\"><summary><em>Turvallisemman tilan periaatteet:<\/em><\/summary>\n<p><em>Art Hub Pikisaaren toiminnassa noudatamme turvallisemman tilan periaatteita. Pyyd\u00e4mme tilaisuuksiimme osallistuvia kunnioittamaan turvallisemman tilan periaatteita.&nbsp;<\/em><\/p>\n\n\n\n<p><em>Kunnioita toisen henkil\u00f6kohtaista fyysist\u00e4 ja psyykkist\u00e4 tilaa. Kunnioita itsem\u00e4\u00e4r\u00e4\u00e4misoikeutta. \u00c4l\u00e4 koske toista&nbsp;kysym\u00e4tt\u00e4 lupaa. Muista, ettet voi tiet\u00e4\u00e4 toisen rajoja kysym\u00e4tt\u00e4 niit\u00e4. Pyyd\u00e4 tilaa my\u00f6s itsellesi tarvittaessa<\/em>.<\/p>\n\n\n\n<p><em>\u00c4l\u00e4 pilkkaa, ivaa, halvenna, sys\u00e4\u00e4 syrj\u00e4\u00e4n&nbsp;tai nolaa ket\u00e4\u00e4n puheillasi, k\u00e4yt\u00f6ksell\u00e4si tai teoillasi. Pit\u00e4ydy ulkon\u00e4\u00f6n arvostelusta, juoruilusta ja stereotypioiden yll\u00e4pit\u00e4misest\u00e4.<\/em><\/p>\n\n\n\n<p><em>\u00c4l\u00e4 tee oletuksia ulkon\u00e4k\u00f6\u00f6n tai toimintaan perustuen. \u00c4l\u00e4 tee oletuksia kenenk\u00e4\u00e4n seksuaalisuudesta, sukupuolesta, kansallisuudesta, etnisyydest\u00e4, uskonnosta, arvoista, sosioekonomisesta taustasta, terveydest\u00e4 tai toimintakyvyst\u00e4<\/em>.<\/p>\n\n\n\n<p><em>Anna tilaa. Pyri huolehtimaan siit\u00e4, ett\u00e4 kaikilla on mahdollisuus osallistua keskusteluun. \u00c4l\u00e4 jyr\u00e4\u00e4 muiden mielipiteit\u00e4 ja anna puheenvuoro.&nbsp;Kunnioita my\u00f6s toisten yksityisyytt\u00e4 ja k\u00e4sittele arkoja aiheita kunnioittavasti.<\/em><\/p>\n\n\n\n<p><em>Kuuntele ja opi. Ota vastaan uudet aiheet, henkil\u00f6t ja n\u00e4k\u00f6kulmat ennakkoluulottomasti. Suhtaudu&nbsp;jokaiseen&nbsp;vastaantulevaan asiaan ja tilanteeseen&nbsp;mahdollisuutena oppia uutta ja kehitty\u00e4.<\/em><\/p>\n\n\n\n<p><em>Pyyd\u00e4 anteeksi, jos olet loukannut tahallisesti tai tahattomasti muita.<\/em><\/p>\n<\/details>\n\n\n\n<div style=\"height:31px\" aria-hidden=\"true\" class=\"wp-block-spacer\"><\/div>\n\n\n\n<div class=\"wp-block-columns is-layout-flex wp-container-core-columns-is-layout-1 wp-block-columns-is-layout-flex\">\n<div class=\"wp-block-column is-layout-flow wp-block-column-is-layout-flow\">\n<figure class=\"wp-block-image size-full is-resized\"><a href=\"https:\/\/www.arthubpikisaari.fi\/wp-content\/uploads\/2025\/02\/Oulu_M.png\"><img decoding=\"async\" width=\"904\" height=\"406\" src=\"https:\/\/www.arthubpikisaari.fi\/wp-content\/uploads\/2025\/02\/Oulu_M.png\" alt=\"\" class=\"wp-image-1137\" style=\"width:196px;height:auto\" srcset=\"https:\/\/www.arthubpikisaari.fi\/wp-content\/uploads\/2025\/02\/Oulu_M.png 904w, https:\/\/www.arthubpikisaari.fi\/wp-content\/uploads\/2025\/02\/Oulu_M-300x135.png 300w\" sizes=\"(max-width: 904px) 100vw, 904px\" \/><\/a><\/figure>\n<\/div>\n\n\n\n<div class=\"wp-block-column is-layout-flow wp-block-column-is-layout-flow\">\n<figure class=\"wp-block-image size-large is-resized\"><a href=\"https:\/\/www.arthubpikisaari.fi\/wp-content\/uploads\/2025\/11\/Oulu2026_logo_black_RGB_FIN_horizontal-6.png\"><img loading=\"lazy\" decoding=\"async\" width=\"1024\" height=\"384\" src=\"https:\/\/www.arthubpikisaari.fi\/wp-content\/uploads\/2025\/11\/Oulu2026_logo_black_RGB_FIN_horizontal-6-1024x384.png\" alt=\"\" class=\"wp-image-1239\" style=\"width:285px;height:auto\" srcset=\"https:\/\/www.arthubpikisaari.fi\/wp-content\/uploads\/2025\/11\/Oulu2026_logo_black_RGB_FIN_horizontal-6-1024x384.png 1024w, https:\/\/www.arthubpikisaari.fi\/wp-content\/uploads\/2025\/11\/Oulu2026_logo_black_RGB_FIN_horizontal-6-300x113.png 300w, https:\/\/www.arthubpikisaari.fi\/wp-content\/uploads\/2025\/11\/Oulu2026_logo_black_RGB_FIN_horizontal-6-2000x750.png 2000w\" sizes=\"(max-width: 1024px) 100vw, 1024px\" \/><\/a><\/figure>\n<\/div>\n\n\n\n<div class=\"wp-block-column is-layout-flow wp-block-column-is-layout-flow\">\n<figure class=\"wp-block-image size-full is-resized\"><a href=\"https:\/\/www.arthubpikisaari.fi\/wp-content\/uploads\/2025\/11\/image-5.png\"><img loading=\"lazy\" decoding=\"async\" width=\"998\" height=\"241\" src=\"https:\/\/www.arthubpikisaari.fi\/wp-content\/uploads\/2025\/11\/image-5.png\" alt=\"\" class=\"wp-image-1234\" style=\"width:323px;height:auto\" srcset=\"https:\/\/www.arthubpikisaari.fi\/wp-content\/uploads\/2025\/11\/image-5.png 998w, https:\/\/www.arthubpikisaari.fi\/wp-content\/uploads\/2025\/11\/image-5-300x72.png 300w\" sizes=\"(max-width: 998px) 100vw, 998px\" \/><\/a><\/figure>\n<\/div>\n<\/div>\n\n\n\n<div class=\"wp-block-columns are-vertically-aligned-center is-layout-flex wp-container-core-columns-is-layout-2 wp-block-columns-is-layout-flex\">\n<div class=\"wp-block-column is-vertically-aligned-center is-layout-flow wp-block-column-is-layout-flow\">\n<figure class=\"wp-block-image size-large\"><a href=\"https:\/\/www.arthubpikisaari.fi\/wp-content\/uploads\/2026\/04\/taike_pysty_v3.png\"><img loading=\"lazy\" decoding=\"async\" width=\"1024\" height=\"727\" src=\"https:\/\/www.arthubpikisaari.fi\/wp-content\/uploads\/2026\/04\/taike_pysty_v3-1024x727.png\" alt=\"\" class=\"wp-image-1279\" srcset=\"https:\/\/www.arthubpikisaari.fi\/wp-content\/uploads\/2026\/04\/taike_pysty_v3-1024x727.png 1024w, https:\/\/www.arthubpikisaari.fi\/wp-content\/uploads\/2026\/04\/taike_pysty_v3-300x213.png 300w, https:\/\/www.arthubpikisaari.fi\/wp-content\/uploads\/2026\/04\/taike_pysty_v3.png 1557w\" sizes=\"(max-width: 1024px) 100vw, 1024px\" \/><\/a><\/figure>\n<\/div>\n\n\n\n<div class=\"wp-block-column is-vertically-aligned-center is-layout-flow wp-block-column-is-layout-flow\">\n<figure class=\"wp-block-image aligncenter size-full is-resized\"><a href=\"https:\/\/www.arthubpikisaari.fi\/wp-content\/uploads\/2026\/04\/SKR_Vertical_Two_Row.jpg\"><img loading=\"lazy\" decoding=\"async\" width=\"1479\" height=\"1627\" src=\"https:\/\/www.arthubpikisaari.fi\/wp-content\/uploads\/2026\/04\/SKR_Vertical_Two_Row.jpg\" alt=\"\" class=\"wp-image-1282\" style=\"width:193px;height:auto\" srcset=\"https:\/\/www.arthubpikisaari.fi\/wp-content\/uploads\/2026\/04\/SKR_Vertical_Two_Row.jpg 1479w, https:\/\/www.arthubpikisaari.fi\/wp-content\/uploads\/2026\/04\/SKR_Vertical_Two_Row-273x300.jpg 273w, https:\/\/www.arthubpikisaari.fi\/wp-content\/uploads\/2026\/04\/SKR_Vertical_Two_Row-931x1024.jpg 931w\" sizes=\"(max-width: 1479px) 100vw, 1479px\" \/><\/a><\/figure>\n<\/div>\n\n\n\n<div class=\"wp-block-column is-vertically-aligned-center is-layout-flow wp-block-column-is-layout-flow\">\n<figure class=\"wp-block-image aligncenter size-large is-resized\"><a href=\"https:\/\/www.arthubpikisaari.fi\/wp-content\/uploads\/2026\/04\/Nordisk_Kulturfond_Black_RGB.png\"><img loading=\"lazy\" decoding=\"async\" width=\"1024\" height=\"245\" src=\"https:\/\/www.arthubpikisaari.fi\/wp-content\/uploads\/2026\/04\/Nordisk_Kulturfond_Black_RGB-1024x245.png\" alt=\"\" class=\"wp-image-1283\" style=\"width:314px;height:auto\" srcset=\"https:\/\/www.arthubpikisaari.fi\/wp-content\/uploads\/2026\/04\/Nordisk_Kulturfond_Black_RGB-1024x245.png 1024w, https:\/\/www.arthubpikisaari.fi\/wp-content\/uploads\/2026\/04\/Nordisk_Kulturfond_Black_RGB-300x72.png 300w, https:\/\/www.arthubpikisaari.fi\/wp-content\/uploads\/2026\/04\/Nordisk_Kulturfond_Black_RGB.png 1181w\" sizes=\"(max-width: 1024px) 100vw, 1024px\" \/><\/a><\/figure>\n<\/div>\n<\/div>\n\n\n\n<p><\/p>\n","protected":false},"excerpt":{"rendered":"<p>Art Hub Pikisaari on pienimuotoinen taidekeskus, taiteen projektitila sek\u00e4 yhteis\u00f6llinen kohtaus- ja tapahtumapaikka Oulun Pikisaaressa. Art Hub Pikisaaren ovat perustaneet kuvanveist\u00e4j\u00e4 Minna Kangasmaa ja kuva- ja mediataiteilija Tuomo Kangasmaa vuoden 2020 syksyll\u00e4. Art Hub Pikisaari sijaitsee Pikisaaren p\u00e4\u00e4v\u00e4yl\u00e4n varrella katutasossa vanhassa hirsitalossa entisess\u00e4 ty\u00f6l\u00e4iskorttelissa. 1870-luvulla valmistunut hirsirakennus on yksi vanhimmista Pikisaareen rakennetuista taloista. Art Hub &hellip; <\/p>\n<p class=\"link-more\"><a href=\"https:\/\/www.arthubpikisaari.fi\/\" class=\"more-link\">Read more<span class=\"screen-reader-text\"> &#8221;Info&#8221;<\/span><\/a><\/p>\n","protected":false},"author":2,"featured_media":0,"parent":0,"menu_order":6,"comment_status":"closed","ping_status":"closed","template":"","meta":{"footnotes":""},"class_list":["post-2","page","type-page","status-publish","hentry"],"_links":{"self":[{"href":"https:\/\/www.arthubpikisaari.fi\/index.php?rest_route=\/wp\/v2\/pages\/2","targetHints":{"allow":["GET"]}}],"collection":[{"href":"https:\/\/www.arthubpikisaari.fi\/index.php?rest_route=\/wp\/v2\/pages"}],"about":[{"href":"https:\/\/www.arthubpikisaari.fi\/index.php?rest_route=\/wp\/v2\/types\/page"}],"author":[{"embeddable":true,"href":"https:\/\/www.arthubpikisaari.fi\/index.php?rest_route=\/wp\/v2\/users\/2"}],"replies":[{"embeddable":true,"href":"https:\/\/www.arthubpikisaari.fi\/index.php?rest_route=%2Fwp%2Fv2%2Fcomments&post=2"}],"version-history":[{"count":71,"href":"https:\/\/www.arthubpikisaari.fi\/index.php?rest_route=\/wp\/v2\/pages\/2\/revisions"}],"predecessor-version":[{"id":1286,"href":"https:\/\/www.arthubpikisaari.fi\/index.php?rest_route=\/wp\/v2\/pages\/2\/revisions\/1286"}],"wp:attachment":[{"href":"https:\/\/www.arthubpikisaari.fi\/index.php?rest_route=%2Fwp%2Fv2%2Fmedia&parent=2"}],"curies":[{"name":"wp","href":"https:\/\/api.w.org\/{rel}","templated":true}]}}