{"id":29,"date":"2020-09-11T17:41:00","date_gmt":"2020-09-11T17:41:00","guid":{"rendered":"http:\/\/www.arthubpikisaari.fi\/?page_id=29"},"modified":"2025-08-22T12:45:31","modified_gmt":"2025-08-22T12:45:31","slug":"olet-tassa-yhteisollinen-taideprojekti","status":"publish","type":"page","link":"https:\/\/www.arthubpikisaari.fi\/?page_id=29","title":{"rendered":"Olet t\u00e4ss\u00e4 -yhteis\u00f6llinen taideprojekti"},"content":{"rendered":"\n<figure class=\"wp-block-image size-large is-resized\"><a href=\"https:\/\/www.arthubpikisaari.fi\/wp-content\/uploads\/2021\/08\/Olet-_logo-2.jpg\"><img fetchpriority=\"high\" decoding=\"async\" src=\"https:\/\/www.arthubpikisaari.fi\/wp-content\/uploads\/2021\/08\/Olet-_logo-2-1024x722.jpg\" alt=\"\" class=\"wp-image-91\" width=\"289\" height=\"204\" srcset=\"https:\/\/www.arthubpikisaari.fi\/wp-content\/uploads\/2021\/08\/Olet-_logo-2-1024x722.jpg 1024w, https:\/\/www.arthubpikisaari.fi\/wp-content\/uploads\/2021\/08\/Olet-_logo-2-300x211.jpg 300w, https:\/\/www.arthubpikisaari.fi\/wp-content\/uploads\/2021\/08\/Olet-_logo-2-768x541.jpg 768w, https:\/\/www.arthubpikisaari.fi\/wp-content\/uploads\/2021\/08\/Olet-_logo-2-1536x1083.jpg 1536w, https:\/\/www.arthubpikisaari.fi\/wp-content\/uploads\/2021\/08\/Olet-_logo-2-2048x1444.jpg 2048w\" sizes=\"(max-width: 289px) 100vw, 289px\" \/><\/a><\/figure>\n\n\n\n<p>Olet t\u00e4ss\u00e4 \u2013 yhteis\u00f6llinen taideprojekti on taiteellinen tutkimus Pikisaaren kaupunginosasta, sen menneisyydest\u00e4 ja nykyisyydest\u00e4. Olet t\u00e4ss\u00e4 &#8211; yhteis\u00f6llinen taideprojekti toteutetaan Art Hub Pikisaaressa yhdess\u00e4 paikallisten ihmisten ja vierailevien taiteilijoiden kanssa. Projekti alkoi syksyll\u00e4 2020 osana Kulttuuritalo Valveen hallinnoimaa Kaupunginosataiteilija-kokeiluhankketta, jossa kuvanveist\u00e4j\u00e4 Minna Kangasmaa ja kuva- ja mediataiteilija Tuomo Kangasmaa toimivat Pikisaaren kaupunginosataiteilijoina joulukuuhun 2021 saakka. Sen j\u00e4lkeen projektia on jatkettu osana Art Hub Pikisaaren toimintaa.\u00a0<\/p>\n\n\n\n<p><em>Olet t\u00e4ss\u00e4 -projekti k\u00e4sittelee ihmisen toimintaa osana fyysist\u00e4, sosiaalista ja kulttuurista ymp\u00e4rist\u00f6\u00e4. Kantavana ajatuksena on osallistujien henkil\u00f6kohtainen suhde ymp\u00e4rist\u00f6\u00f6ns\u00e4. Tutkimuskohteena ovat niin yksil\u00f6lle, perheelle kuin paikallisyhteis\u00f6llekin merkitykselliset paikat, tapahtumat ja tarinat. <\/em><\/p>\n\n\n\n<figure class=\"wp-block-image size-large\"><a href=\"https:\/\/www.arthubpikisaari.fi\/wp-content\/uploads\/2021\/08\/Pikisaaren_arkeologiaa_30102020-1.jpg\"><img decoding=\"async\" width=\"1024\" height=\"768\" src=\"https:\/\/www.arthubpikisaari.fi\/wp-content\/uploads\/2021\/08\/Pikisaaren_arkeologiaa_30102020-1-1024x768.jpg\" alt=\"\" class=\"wp-image-79\" srcset=\"https:\/\/www.arthubpikisaari.fi\/wp-content\/uploads\/2021\/08\/Pikisaaren_arkeologiaa_30102020-1-1024x768.jpg 1024w, https:\/\/www.arthubpikisaari.fi\/wp-content\/uploads\/2021\/08\/Pikisaaren_arkeologiaa_30102020-1-300x225.jpg 300w, https:\/\/www.arthubpikisaari.fi\/wp-content\/uploads\/2021\/08\/Pikisaaren_arkeologiaa_30102020-1-768x576.jpg 768w, https:\/\/www.arthubpikisaari.fi\/wp-content\/uploads\/2021\/08\/Pikisaaren_arkeologiaa_30102020-1.jpg 1280w\" sizes=\"(max-width: 1024px) 100vw, 1024px\" \/><\/a><figcaption class=\"wp-element-caption\">Valokuva: Leena Kangas<\/figcaption><\/figure>\n\n\n\n<p>Lis\u00e4tietoa Kaupunginosataiteilija-hankkeesta <a rel=\"noreferrer noopener\" href=\"https:\/\/www.kulttuurivalve.fi\/fi\/kaupunginosataiteilija-hanke\/\" target=\"_blank\">https:\/\/www.kulttuurivalve.fi\/fi\/kaupunginosataiteilija-hanke\/<\/a><\/p>\n\n\n\n<p><\/p>\n","protected":false},"excerpt":{"rendered":"<p>Olet t\u00e4ss\u00e4 \u2013 yhteis\u00f6llinen taideprojekti on taiteellinen tutkimus Pikisaaren kaupunginosasta, sen menneisyydest\u00e4 ja nykyisyydest\u00e4. Olet t\u00e4ss\u00e4 &#8211; yhteis\u00f6llinen taideprojekti toteutetaan Art Hub Pikisaaressa yhdess\u00e4 paikallisten ihmisten ja vierailevien taiteilijoiden kanssa. Projekti alkoi syksyll\u00e4 2020 osana Kulttuuritalo Valveen hallinnoimaa Kaupunginosataiteilija-kokeiluhankketta, jossa kuvanveist\u00e4j\u00e4 Minna Kangasmaa ja kuva- ja mediataiteilija Tuomo Kangasmaa toimivat Pikisaaren kaupunginosataiteilijoina joulukuuhun 2021 saakka. &hellip; <\/p>\n<p class=\"link-more\"><a href=\"https:\/\/www.arthubpikisaari.fi\/?page_id=29\" class=\"more-link\">Read more<span class=\"screen-reader-text\"> &#8221;Olet t\u00e4ss\u00e4 -yhteis\u00f6llinen taideprojekti&#8221;<\/span><\/a><\/p>\n","protected":false},"author":2,"featured_media":0,"parent":0,"menu_order":3,"comment_status":"closed","ping_status":"closed","template":"","meta":{"footnotes":""},"class_list":["post-29","page","type-page","status-publish","hentry"],"_links":{"self":[{"href":"https:\/\/www.arthubpikisaari.fi\/index.php?rest_route=\/wp\/v2\/pages\/29","targetHints":{"allow":["GET"]}}],"collection":[{"href":"https:\/\/www.arthubpikisaari.fi\/index.php?rest_route=\/wp\/v2\/pages"}],"about":[{"href":"https:\/\/www.arthubpikisaari.fi\/index.php?rest_route=\/wp\/v2\/types\/page"}],"author":[{"embeddable":true,"href":"https:\/\/www.arthubpikisaari.fi\/index.php?rest_route=\/wp\/v2\/users\/2"}],"replies":[{"embeddable":true,"href":"https:\/\/www.arthubpikisaari.fi\/index.php?rest_route=%2Fwp%2Fv2%2Fcomments&post=29"}],"version-history":[{"count":18,"href":"https:\/\/www.arthubpikisaari.fi\/index.php?rest_route=\/wp\/v2\/pages\/29\/revisions"}],"predecessor-version":[{"id":622,"href":"https:\/\/www.arthubpikisaari.fi\/index.php?rest_route=\/wp\/v2\/pages\/29\/revisions\/622"}],"wp:attachment":[{"href":"https:\/\/www.arthubpikisaari.fi\/index.php?rest_route=%2Fwp%2Fv2%2Fmedia&parent=29"}],"curies":[{"name":"wp","href":"https:\/\/api.w.org\/{rel}","templated":true}]}}