{"id":361,"date":"2022-12-14T12:31:12","date_gmt":"2022-12-14T12:31:12","guid":{"rendered":"https:\/\/www.arthubpikisaari.fi\/?page_id=361"},"modified":"2025-08-22T12:46:02","modified_gmt":"2025-08-22T12:46:02","slug":"derive-kuljeskelu","status":"publish","type":"page","link":"https:\/\/www.arthubpikisaari.fi\/?page_id=361","title":{"rendered":"D\u00e9rive \u2013 Kuljeskelu"},"content":{"rendered":"\n<h2 class=\"wp-block-heading\"><strong>Art Hub Pikisaari j\u00e4rjest\u00e4\u00e4 yhteisi\u00e4 kuljeskeluita<\/strong><\/h2>\n\n\n\n<p>D\u00e9rive tarkoittaa kuljeskelua, harhailua, ajelehtimista ja poikkeamaa. Se on kuljeskelua kaupunkiymp\u00e4rist\u00f6ss\u00e4, jossa sallitaan ymp\u00e4rist\u00f6n tai hetken mielijohteen johdattaa matkaa. Kuljeskelussa p\u00e4\u00e4stet\u00e4\u00e4n irti tavanomaisista liikkumisen motiiveista ja seurataan ymp\u00e4rist\u00f6st\u00e4 nousevia impulsseja, annetaan paikkojen ja maaston vet\u00e4\u00e4 puoleensa ja vaikuttaa tunteisiin. \u201dKuljeskelua\u201d on kehitt\u00e4nyt 1950-luvulla erityisesti ranskalainen taiteilija Guy Debord. H\u00e4nen mukaansa D\u00e9rive on vieh\u00e4tt\u00e4v\u00e4n ep\u00e4m\u00e4\u00e4r\u00e4ist\u00e4 harhailua maantieteellisess\u00e4 tilassa.<\/p>\n\n\n\n<p>Art Hub Pikisaaren Kuljeskelut ovat kaikille avoimia maksuttomia tapahtumia. Tervetuloa mukaan kuljeskelemaan!&nbsp;<\/p>\n\n\n\n<div style=\"height:29px\" aria-hidden=\"true\" class=\"wp-block-spacer\"><\/div>\n\n\n\n<details class=\"wp-block-details is-layout-flow wp-block-details-is-layout-flow\"><summary>KULJESKELUT KAUPUNGINOJAN PUISTOVY\u00d6HYKKEELL\u00c4<\/summary>\n<p><br>Oulun kaupunginojan puistovy\u00f6hykkeen Kuljeskelu on kaikille oululaisille tarkoitettu yhteis\u00f6llinen taideteos, jonka Art Hub Pikisaari toteutti vuonna 2024 osana Toivotun tulevaisuuden kaupunkikeskusta -hanketta Oulun kaupunkikeskustan alueella. Kaupunginojan varren puistovy\u00f6hykeen kuljeskeluita vetiv\u00e4t taiteilijat Minna Kangasmaa ja Tuomo Kangasmaa.&nbsp;<\/p>\n\n\n\n<p>Nyt Kuljeskelun voi tehd\u00e4 omatoimisesti yksin tai vaikka kokoamalla oma ryhm\u00e4 yhteis\u00f6lliseen kokemukseen.&nbsp;<\/p>\n\n\n\n<p>Kuljeskelun aloituspaikka on Pokkisen puisto (Ojakatu 2, 90100 Oulu) ja kuljeskelu p\u00e4\u00e4ttyy Ly\u00f6tynpuistoon (Arkistokatu 4, 90100 Oulu).\u00a0Kuljeskeluun osallistutaan kulkien reitti\u00e4 jalan ja huomion kohteena on sek\u00e4 ymp\u00e4rist\u00f6 ett\u00e4 havaitsijan oma kokemus ja tunnetila. <\/p>\n\n\n\n<p>Kuljeskelussa tutkittava reitti kietoutuu Oulun kaupunkikeskustaa halkovan Plaanaojan ymp\u00e4rille. Historiallinen puistovy\u00f6hyke muodostaa kuljeskelujen konkreettisen punaisen langan. Kuljeskelussa Kaupunginojan varren puistovy\u00f6hykkeell\u00e4 inspiroidutaan pohtimaan kaupunkikeskustan tulevaisuutta. Samalla tutustutaan oululaisen kaupunkisuunnittelun historiallisiin virtauksiin ja ideoihin.\u00a0Kuljeskelu opastaa n\u00e4kem\u00e4\u00e4n ep\u00e4t\u00e4ydellisen t\u00e4ydellisen maailman.<\/p>\n\n\n\n<p>Yksinkertaiset ohjeet kuljeskelua varten saat t\u00e4\u00e4lt\u00e4: <a href=\"https:\/\/postikorttitulevaisuudesta.com\/kuljeskelu\/\">https:\/\/postikorttitulevaisuudesta.com\/kuljeskelu\/<\/a><\/p>\n\n\n\n<p>KESTO?&nbsp;<br>Varaa Kuljeskeluun ulkovaatteet ja aikaa n. 2-2,5 tuntia .<\/p>\n\n\n\n<p>Voit pohtia mit\u00e4 ehk\u00e4 voisi lis\u00e4t\u00e4 tai mit\u00e4 v\u00e4hent\u00e4\u00e4, mist\u00e4 pit\u00e4\u00e4 kiinni tai mit\u00e4 pit\u00e4isi aloittaa ja voisiko jotakin kenties kokonaan lopettaa? Postikortiin voi tehd\u00e4 omalla \u00e4lypuhelimella valokuvin, \u00e4\u00e4nitallentein sek\u00e4 tekstimuistiinpanoin.<\/p>\n\n\n\n<p><\/p>\n\n\n\n<p>TAUSTA<br>Oulun Liikekeskus ry:n Toivotun tulevaisuuden kaupunkikeskusta -hankkeen tavoitteena on rakentaa YHDESS\u00c4 oululaisten kanssa KAUNIIMPAA ymp\u00e4rist\u00f6\u00e4 ja KEST\u00c4V\u00c4MP\u00c4\u00c4 arkea. Hanketta rahoittaa Pohjois-Pohjanmaan Liitto ja sit\u00e4 tehd\u00e4\u00e4n yhteisty\u00f6ss\u00e4 Oulun kaupungin kanssa.<\/p>\n<\/details>\n\n\n\n<div class=\"wp-block-buttons is-layout-flex wp-block-buttons-is-layout-flex\"><\/div>\n\n\n\n<div style=\"height:59px\" aria-hidden=\"true\" class=\"wp-block-spacer\"><\/div>\n\n\n\n<figure class=\"wp-block-image size-large\"><a href=\"https:\/\/www.arthubpikisaari.fi\/wp-content\/uploads\/2021\/05\/korkeasaarenhoyrysaha-scaled.jpg\"><img fetchpriority=\"high\" decoding=\"async\" width=\"1024\" height=\"768\" src=\"https:\/\/www.arthubpikisaari.fi\/wp-content\/uploads\/2021\/05\/korkeasaarenhoyrysaha-1024x768.jpg\" alt=\"\" class=\"wp-image-62\" srcset=\"https:\/\/www.arthubpikisaari.fi\/wp-content\/uploads\/2021\/05\/korkeasaarenhoyrysaha-1024x768.jpg 1024w, https:\/\/www.arthubpikisaari.fi\/wp-content\/uploads\/2021\/05\/korkeasaarenhoyrysaha-300x225.jpg 300w, https:\/\/www.arthubpikisaari.fi\/wp-content\/uploads\/2021\/05\/korkeasaarenhoyrysaha-768x576.jpg 768w, https:\/\/www.arthubpikisaari.fi\/wp-content\/uploads\/2021\/05\/korkeasaarenhoyrysaha-1536x1152.jpg 1536w, https:\/\/www.arthubpikisaari.fi\/wp-content\/uploads\/2021\/05\/korkeasaarenhoyrysaha-2048x1536.jpg 2048w\" sizes=\"(max-width: 1024px) 100vw, 1024px\" \/><\/a><figcaption class=\"wp-element-caption\">Valokuva: Tuomo Kangasmaa<\/figcaption><\/figure>\n","protected":false},"excerpt":{"rendered":"<p>Art Hub Pikisaari j\u00e4rjest\u00e4\u00e4 yhteisi\u00e4 kuljeskeluita D\u00e9rive tarkoittaa kuljeskelua, harhailua, ajelehtimista ja poikkeamaa. Se on kuljeskelua kaupunkiymp\u00e4rist\u00f6ss\u00e4, jossa sallitaan ymp\u00e4rist\u00f6n tai hetken mielijohteen johdattaa matkaa. Kuljeskelussa p\u00e4\u00e4stet\u00e4\u00e4n irti tavanomaisista liikkumisen motiiveista ja seurataan ymp\u00e4rist\u00f6st\u00e4 nousevia impulsseja, annetaan paikkojen ja maaston vet\u00e4\u00e4 puoleensa ja vaikuttaa tunteisiin. \u201dKuljeskelua\u201d on kehitt\u00e4nyt 1950-luvulla erityisesti ranskalainen taiteilija Guy Debord. H\u00e4nen &hellip; <\/p>\n<p class=\"link-more\"><a href=\"https:\/\/www.arthubpikisaari.fi\/?page_id=361\" class=\"more-link\">Read more<span class=\"screen-reader-text\"> &#8221;D\u00e9rive \u2013 Kuljeskelu&#8221;<\/span><\/a><\/p>\n","protected":false},"author":2,"featured_media":0,"parent":0,"menu_order":4,"comment_status":"closed","ping_status":"closed","template":"","meta":{"footnotes":""},"class_list":["post-361","page","type-page","status-publish","hentry"],"_links":{"self":[{"href":"https:\/\/www.arthubpikisaari.fi\/index.php?rest_route=\/wp\/v2\/pages\/361","targetHints":{"allow":["GET"]}}],"collection":[{"href":"https:\/\/www.arthubpikisaari.fi\/index.php?rest_route=\/wp\/v2\/pages"}],"about":[{"href":"https:\/\/www.arthubpikisaari.fi\/index.php?rest_route=\/wp\/v2\/types\/page"}],"author":[{"embeddable":true,"href":"https:\/\/www.arthubpikisaari.fi\/index.php?rest_route=\/wp\/v2\/users\/2"}],"replies":[{"embeddable":true,"href":"https:\/\/www.arthubpikisaari.fi\/index.php?rest_route=%2Fwp%2Fv2%2Fcomments&post=361"}],"version-history":[{"count":23,"href":"https:\/\/www.arthubpikisaari.fi\/index.php?rest_route=\/wp\/v2\/pages\/361\/revisions"}],"predecessor-version":[{"id":1171,"href":"https:\/\/www.arthubpikisaari.fi\/index.php?rest_route=\/wp\/v2\/pages\/361\/revisions\/1171"}],"wp:attachment":[{"href":"https:\/\/www.arthubpikisaari.fi\/index.php?rest_route=%2Fwp%2Fv2%2Fmedia&parent=361"}],"curies":[{"name":"wp","href":"https:\/\/api.w.org\/{rel}","templated":true}]}}