{"id":382,"date":"2022-12-14T13:44:20","date_gmt":"2022-12-14T13:44:20","guid":{"rendered":"https:\/\/www.arthubpikisaari.fi\/?page_id=382"},"modified":"2025-02-17T11:31:05","modified_gmt":"2025-02-17T11:31:05","slug":"pikisaari-biennaali-2022-2","status":"publish","type":"page","link":"https:\/\/www.arthubpikisaari.fi\/?page_id=382","title":{"rendered":"Pikisaari Biennaali 2022"},"content":{"rendered":"\n<p>Vuoden 2022 Pikisaari Biennaalissa oli kaksi taiteilijaa: s\u00e4velt\u00e4j\u00e4, esiintyj\u00e4 ja mediataiteilija Makiko Nishikaze Berliinist\u00e4 ja kuvataiteilija Pernille Egeskov K\u00f6\u00f6penhaminasta, joiden teoksia biennaali esitteli kahtena per\u00e4kk\u00e4isen\u00e4 kokonaisuutena. Osana Pikisaari Biennaalia Art Hub Pikisaari k\u00e4ynnisti kansainv\u00e4lisen taiteilijaresidenssitoiminnan. <\/p>\n\n\n\n<p><br><\/p>\n\n\n\n<p><a href=\"https:\/\/www.arthubpikisaari.fi\/?p=922\" data-type=\"link\" data-id=\"https:\/\/www.arthubpikisaari.fi\/?p=922\">Makiko Nishikaze 18.8.\u20134.9.2022<\/a><\/p>\n\n\n\n<p><a href=\"https:\/\/www.arthubpikisaari.fi\/?p=928\" data-type=\"link\" data-id=\"https:\/\/www.arthubpikisaari.fi\/?p=928\">Pernille Egeskov 8.9.\u201323.10.2022<\/a><\/p>\n\n\n\n<div style=\"height:100px\" aria-hidden=\"true\" class=\"wp-block-spacer\"><\/div>\n\n\n\n<p>Vuoden 2022 Pikisaari Biennaalia tukivat Berlin Senate Department for Culture and Europe, Knud H\u00f8jgaards Fond, Oulun kaupunki ja Suomalais-tanskalainen kulttuurirahasto.<\/p>\n\n\n\n<figure class=\"wp-block-image size-large\"><a href=\"https:\/\/www.arthubpikisaari.fi\/wp-content\/uploads\/2025\/02\/PB2022_Logot.jpg\"><img fetchpriority=\"high\" decoding=\"async\" width=\"1024\" height=\"142\" src=\"https:\/\/www.arthubpikisaari.fi\/wp-content\/uploads\/2025\/02\/PB2022_Logot-1024x142.jpg\" alt=\"\" class=\"wp-image-1102\" srcset=\"https:\/\/www.arthubpikisaari.fi\/wp-content\/uploads\/2025\/02\/PB2022_Logot-1024x142.jpg 1024w, https:\/\/www.arthubpikisaari.fi\/wp-content\/uploads\/2025\/02\/PB2022_Logot-300x42.jpg 300w, https:\/\/www.arthubpikisaari.fi\/wp-content\/uploads\/2025\/02\/PB2022_Logot-2000x277.jpg 2000w\" sizes=\"(max-width: 1024px) 100vw, 1024px\" \/><\/a><\/figure>\n","protected":false},"excerpt":{"rendered":"<p>Vuoden 2022 Pikisaari Biennaalissa oli kaksi taiteilijaa: s\u00e4velt\u00e4j\u00e4, esiintyj\u00e4 ja mediataiteilija Makiko Nishikaze Berliinist\u00e4 ja kuvataiteilija Pernille Egeskov K\u00f6\u00f6penhaminasta, joiden teoksia biennaali esitteli kahtena per\u00e4kk\u00e4isen\u00e4 kokonaisuutena. Osana Pikisaari Biennaalia Art Hub Pikisaari k\u00e4ynnisti kansainv\u00e4lisen taiteilijaresidenssitoiminnan. Makiko Nishikaze 18.8.\u20134.9.2022 Pernille Egeskov 8.9.\u201323.10.2022 Vuoden 2022 Pikisaari Biennaalia tukivat Berlin Senate Department for Culture and Europe, Knud H\u00f8jgaards &hellip; <\/p>\n<p class=\"link-more\"><a href=\"https:\/\/www.arthubpikisaari.fi\/?page_id=382\" class=\"more-link\">Read more<span class=\"screen-reader-text\"> &#8221;Pikisaari Biennaali 2022&#8221;<\/span><\/a><\/p>\n","protected":false},"author":2,"featured_media":0,"parent":194,"menu_order":1,"comment_status":"closed","ping_status":"closed","template":"","meta":{"footnotes":""},"class_list":["post-382","page","type-page","status-publish","hentry"],"_links":{"self":[{"href":"https:\/\/www.arthubpikisaari.fi\/index.php?rest_route=\/wp\/v2\/pages\/382","targetHints":{"allow":["GET"]}}],"collection":[{"href":"https:\/\/www.arthubpikisaari.fi\/index.php?rest_route=\/wp\/v2\/pages"}],"about":[{"href":"https:\/\/www.arthubpikisaari.fi\/index.php?rest_route=\/wp\/v2\/types\/page"}],"author":[{"embeddable":true,"href":"https:\/\/www.arthubpikisaari.fi\/index.php?rest_route=\/wp\/v2\/users\/2"}],"replies":[{"embeddable":true,"href":"https:\/\/www.arthubpikisaari.fi\/index.php?rest_route=%2Fwp%2Fv2%2Fcomments&post=382"}],"version-history":[{"count":40,"href":"https:\/\/www.arthubpikisaari.fi\/index.php?rest_route=\/wp\/v2\/pages\/382\/revisions"}],"predecessor-version":[{"id":1103,"href":"https:\/\/www.arthubpikisaari.fi\/index.php?rest_route=\/wp\/v2\/pages\/382\/revisions\/1103"}],"up":[{"embeddable":true,"href":"https:\/\/www.arthubpikisaari.fi\/index.php?rest_route=\/wp\/v2\/pages\/194"}],"wp:attachment":[{"href":"https:\/\/www.arthubpikisaari.fi\/index.php?rest_route=%2Fwp%2Fv2%2Fmedia&parent=382"}],"curies":[{"name":"wp","href":"https:\/\/api.w.org\/{rel}","templated":true}]}}