{"id":919,"date":"2024-09-05T02:19:11","date_gmt":"2024-09-05T02:19:11","guid":{"rendered":"https:\/\/www.arthubpikisaari.fi\/?page_id=919"},"modified":"2025-02-18T06:30:02","modified_gmt":"2025-02-18T06:30:02","slug":"pikisaari-biennaali-2024","status":"publish","type":"page","link":"https:\/\/www.arthubpikisaari.fi\/?page_id=919","title":{"rendered":"Pikisaari Biennaali 2024"},"content":{"rendered":"\n<p>Vuoden 2024 Pikisaari Biennaalissa oli kaksi taiteilijaa: mediataiteilija Sophie Tiller Wienist\u00e4 ja kuvataiteilija Annelie Wallin Tukholmasta. Pikisaari Biennaali 2024 oli avoinna yleis\u00f6lle 15.8.\u2013 8.9.2024 kahdessa kohteessa: Art Hub Pikisaaressa oli esill\u00e4 Sophie Tillerin n\u00e4yttely \u201dClose to Nature\u201d ja Pikisaaren Konepajanpuistossa Annelie Wallinin ymp\u00e4rist\u00f6taideteos &#8221;GISTNANDE&#8221;.<\/p>\n\n\n\n<p><a href=\"https:\/\/www.arthubpikisaari.fi\/?p=1089\" data-type=\"link\" data-id=\"https:\/\/www.arthubpikisaari.fi\/?p=1089\">Sophie Tiller: Close to Nature<\/a><\/p>\n\n\n\n<p><a href=\"https:\/\/www.arthubpikisaari.fi\/?p=1085\" data-type=\"link\" data-id=\"https:\/\/www.arthubpikisaari.fi\/?p=1085\">Annelie Wallin: GISTNANDE<\/a><\/p>\n\n\n\n<p><\/p>\n\n\n\n<div style=\"height:100px\" aria-hidden=\"true\" class=\"wp-block-spacer\"><\/div>\n\n\n\n<p>Vuoden 2024 Pikisaari Biennaalia ovat tukeneet: Suomen Kulttuurirahasto, Oulun kaupunki, Suomalais-ruotsalainen kulttuurirahasto, Sveriges Konstn\u00e4rsn\u00e4mnden, Bildrecht, Bundesministerien \u00d6sterreich.<\/p>\n\n\n\n<figure class=\"wp-block-image size-large\"><a href=\"https:\/\/www.arthubpikisaari.fi\/wp-content\/uploads\/2024\/07\/Logot-scaled.jpg\"><img fetchpriority=\"high\" decoding=\"async\" width=\"1024\" height=\"122\" src=\"https:\/\/www.arthubpikisaari.fi\/wp-content\/uploads\/2024\/07\/Logot-1024x122.jpg\" alt=\"\" class=\"wp-image-880\" srcset=\"https:\/\/www.arthubpikisaari.fi\/wp-content\/uploads\/2024\/07\/Logot-1024x122.jpg 1024w, https:\/\/www.arthubpikisaari.fi\/wp-content\/uploads\/2024\/07\/Logot-300x36.jpg 300w, https:\/\/www.arthubpikisaari.fi\/wp-content\/uploads\/2024\/07\/Logot-2000x239.jpg 2000w\" sizes=\"(max-width: 1024px) 100vw, 1024px\" \/><\/a><\/figure>\n\n\n\n<div class=\"wp-block-group is-layout-flow wp-block-group-is-layout-flow\"><\/div>\n","protected":false},"excerpt":{"rendered":"<p>Vuoden 2024 Pikisaari Biennaalissa oli kaksi taiteilijaa: mediataiteilija Sophie Tiller Wienist\u00e4 ja kuvataiteilija Annelie Wallin Tukholmasta. Pikisaari Biennaali 2024 oli avoinna yleis\u00f6lle 15.8.\u2013 8.9.2024 kahdessa kohteessa: Art Hub Pikisaaressa oli esill\u00e4 Sophie Tillerin n\u00e4yttely \u201dClose to Nature\u201d ja Pikisaaren Konepajanpuistossa Annelie Wallinin ymp\u00e4rist\u00f6taideteos &#8221;GISTNANDE&#8221;. Sophie Tiller: Close to Nature Annelie Wallin: GISTNANDE Vuoden 2024 Pikisaari &hellip; <\/p>\n<p class=\"link-more\"><a href=\"https:\/\/www.arthubpikisaari.fi\/?page_id=919\" class=\"more-link\">Read more<span class=\"screen-reader-text\"> &#8221;Pikisaari Biennaali 2024&#8221;<\/span><\/a><\/p>\n","protected":false},"author":2,"featured_media":0,"parent":194,"menu_order":0,"comment_status":"closed","ping_status":"closed","template":"","meta":{"footnotes":""},"class_list":["post-919","page","type-page","status-publish","hentry"],"_links":{"self":[{"href":"https:\/\/www.arthubpikisaari.fi\/index.php?rest_route=\/wp\/v2\/pages\/919","targetHints":{"allow":["GET"]}}],"collection":[{"href":"https:\/\/www.arthubpikisaari.fi\/index.php?rest_route=\/wp\/v2\/pages"}],"about":[{"href":"https:\/\/www.arthubpikisaari.fi\/index.php?rest_route=\/wp\/v2\/types\/page"}],"author":[{"embeddable":true,"href":"https:\/\/www.arthubpikisaari.fi\/index.php?rest_route=\/wp\/v2\/users\/2"}],"replies":[{"embeddable":true,"href":"https:\/\/www.arthubpikisaari.fi\/index.php?rest_route=%2Fwp%2Fv2%2Fcomments&post=919"}],"version-history":[{"count":10,"href":"https:\/\/www.arthubpikisaari.fi\/index.php?rest_route=\/wp\/v2\/pages\/919\/revisions"}],"predecessor-version":[{"id":1126,"href":"https:\/\/www.arthubpikisaari.fi\/index.php?rest_route=\/wp\/v2\/pages\/919\/revisions\/1126"}],"up":[{"embeddable":true,"href":"https:\/\/www.arthubpikisaari.fi\/index.php?rest_route=\/wp\/v2\/pages\/194"}],"wp:attachment":[{"href":"https:\/\/www.arthubpikisaari.fi\/index.php?rest_route=%2Fwp%2Fv2%2Fmedia&parent=919"}],"curies":[{"name":"wp","href":"https:\/\/api.w.org\/{rel}","templated":true}]}}